{"id":939,"date":"2023-05-24T11:50:14","date_gmt":"2023-05-24T11:50:14","guid":{"rendered":"https:\/\/evamasadvocats.com\/privacy-policy\/"},"modified":"2023-09-15T10:49:09","modified_gmt":"2023-09-15T10:49:09","slug":"privacy-policy","status":"publish","type":"page","link":"https:\/\/evamasadvocats.com\/en\/privacy-policy\/","title":{"rendered":"Privacy policy"},"content":{"rendered":"<p>[et_pb_section fb_built=&#8221;1&#8243; _builder_version=&#8221;4.20.4&#8243; _module_preset=&#8221;default&#8221; global_colors_info=&#8221;{}&#8221;][et_pb_row _builder_version=&#8221;4.20.4&#8243; _module_preset=&#8221;default&#8221; global_colors_info=&#8221;{}&#8221;][et_pb_column type=&#8221;4_4&#8243; _builder_version=&#8221;4.20.4&#8243; _module_preset=&#8221;default&#8221; global_colors_info=&#8221;{}&#8221;][et_pb_text _builder_version=&#8221;4.21.0&#8243; _module_preset=&#8221;default&#8221; global_colors_info=&#8221;{}&#8221;]<\/p>\n<h1>Privacy policy<\/h1>\n<p>[\/et_pb_text][et_pb_text _builder_version=&#8221;4.21.0&#8243; _module_preset=&#8221;default&#8221; hover_enabled=&#8221;0&#8243; global_colors_info=&#8221;{}&#8221; sticky_enabled=&#8221;0&#8243;]<\/p>\n<p>En compliment del REGLAMENT (UE) 2016\/679 DEL PARLAMENT EUROPEU I DEL CONSELL de 27 d&#8217;Abril de 2016, relatiu a la protecci\u00f3 de les persones f\u00edsiques pel que fa al tractament de dades personals i a la lliure circulaci\u00f3 d&#8217;aquestes dades, i de la Llei org\u00e0nica 3\/2018, de 5 de desembre, de Protecci\u00f3 de Dades Personals i garantia dels drets digitals, se l&#8217;informa que les dades personals proporcionades per vost\u00e8 a trav\u00e9s d\u2019aquest lloc web (d&#8217;ara endavant el lloc web), seran tractats en els seg\u00fcents termes:<\/p>\n<h2><strong>Responsable del tractament<\/strong><\/h2>\n<p>Les dades personals recaptades a trav\u00e9s d&#8217;aquest lloc web seran tractats per Eva Mas Advocats, amb domicili per a l&#8217;exercici de drets al <a href=\"https:\/\/www.google.es\/maps\/place\/C%2F+de+l'Encarnaci%C3%B3,+123,+08024+Barcelona\/@41.4085533,2.1633839,17z\/data=!3m1!4b1!4m10!1m2!2m1!1sCarrer+de+l'Encarnaci%C3%B3,+123,+Ent+7,+08024+Barcelona!3m6!1s0x12a4a2b85fc4b4db:0x26555584b013e26d!8m2!3d41.4085533!4d2.1633839!15sCjRDYXJyZXIgZGUgbCdFbmNhcm5hY2nDsywgMTIzLCBFbnQgNywgMDgwMjQgQmFyY2Vsb25hkgEQZ2VvY29kZWRfYWRkcmVzc-ABAA!16s%2Fg%2F11csj6r452?entry=ttu\">Carrer de l&#8217;Encarnaci\u00f3, 123, Ent 7, 08024 Barcelona<\/a>. E-mail: <a href=\"mailto:masadvocats@icab.cat\" target=\"_blank\" rel=\"noopener\">masadvocats@icab.cat<\/a>.<\/p>\n<h2><strong>Finalitats del tractament<\/strong><\/h2>\n<p>Informar-lo sobre els nostres productes i serveis, quan aix\u00ed ho sol\u00b7liciti a trav\u00e9s dels formularis del lloc web o per correu electr\u00f2nic.<\/p>\n<p>Donar contestaci\u00f3 i gestionar les seves consultes, comentaris i suggeriments, en el seu cas.<br \/>Gestionar la seva participaci\u00f3 en presents i futurs processos de selecci\u00f3, quan ens faci arribar les seves dades (incl\u00f2s el seu curr\u00edculum) amb aquesta finalitat.<\/p>\n<p>Amb la finalitat d&#8217;obtenir informaci\u00f3 de l&#8217;\u00fas del lloc web, s&#8217;analitzen el nombre de p\u00e0gines visitades, el nombre de visites, aix\u00ed com l&#8217;activitat dels visitants i la seva freq\u00fc\u00e8ncia d&#8217;utilitzaci\u00f3. A aquest efecte, el RESPONSABLE utilitza informaci\u00f3 estad\u00edstica elaborada pel Prove\u00efdor de Serveis d&#8217;Internet que no permet identificar a l&#8217;interessat en cap moment.<\/p>\n<h3><strong>Legitimaci\u00f3<\/strong><\/h3>\n<p>Consentiment. Les dades personals obtingudes a trav\u00e9s dels formularis del lloc web seran tractats \u00fanicament sobre la base del consentiment atorgat per l&#8217;interessat, a trav\u00e9s de l&#8217;acceptaci\u00f3 de la casella disposada per a tal fi. Aquest consentiment pot ser retirat en qualsevol moment. Inter\u00e8s leg\u00edtim del responsable. La informaci\u00f3 estad\u00edstica obtinguda del lloc web ser\u00e0 tractada sobre la base de l&#8217;inter\u00e8s leg\u00edtim del responsable. Aquesta informaci\u00f3 no permet identificar a l&#8217;usuari.<\/p>\n<h3><strong>Destinataris<\/strong><\/h3>\n<p>Les dades personals obtingudes a trav\u00e9s del lloc web no seran comunicats a tercers, excepte obligaci\u00f3 legal.<\/p>\n<h3><strong>Conservaci\u00f3<\/strong><\/h3>\n<p>Les dades personals facilitades per l&#8217;usuari per a rebre comunicacions comercials, seran conservats mentre l&#8217;interessat no sol\u00b7liciti la seva supressi\u00f3 o retiri el seu consentiment. Quan l&#8217;usuari envi\u00ef les seves dades personals per a participar en processos de selecci\u00f3 del RESPONSABLE, les dades seran tractades per a participar en presents processos de selecci\u00f3, i si no fos seleccionat, es conservaran les seves dades personals durant un per\u00edode de dos anys amb la finalitat de poder comptar amb la seva participaci\u00f3 en futurs processos.<\/p>\n<p>Quan l&#8217;usuari envi\u00ef les seves dades per a contactar amb el RESPONSABLE, realitzar consultes o suggeriments, les dades es conservaran mentre sigui necessari per a tal fi i puguin derivar-se responsabilitats del tractament.<br \/>Dades de tr\u00e0nsit, estad\u00edstics i visites web: les dades seran conservades durant el termini de tres anys.<\/p>\n<h3><strong>Drets<\/strong><\/h3>\n<p>Pot exercir els seus drets d&#8217;acc\u00e9s, rectificaci\u00f3, supressi\u00f3 i portabilitat de les seves dades, de limitaci\u00f3 i oposici\u00f3 al seu tractament, mitjan\u00e7ant escrit acompanyat de document oficial que li identifiqui dirigit a Eva Mas Advocats.<\/p>\n<p><a href=\"https:\/\/www.google.es\/maps\/place\/C%2F+de+l'Encarnaci%C3%B3,+123,+08024+Barcelona\/@41.4085533,2.1633839,17z\/data=!3m1!4b1!4m10!1m2!2m1!1sCarrer+de+l'Encarnaci%C3%B3,+123,+Ent+7,+08024+Barcelona!3m6!1s0x12a4a2b85fc4b4db:0x26555584b013e26d!8m2!3d41.4085533!4d2.1633839!15sCjRDYXJyZXIgZGUgbCdFbmNhcm5hY2nDsywgMTIzLCBFbnQgNywgMDgwMjQgQmFyY2Vsb25hkgEQZ2VvY29kZWRfYWRkcmVzc-ABAA!16s%2Fg%2F11csj6r452?entry=ttu\">Carrer de l&#8217;Encarnaci\u00f3, 123, Ent 7, 08024 Barcelona<\/a>. E-mail: <a href=\"mailto:info@evamasadvocat.com\">info@evamasadvocat.com<\/a>. En cas de disconformitat amb el tractament, tamb\u00e9 t\u00e9 dret a presentar una reclamaci\u00f3 davant l&#8217;Ag\u00e8ncia Espanyola de Protecci\u00f3 de Dades (<a href=\"http:\/\/www.aepd.es\">www.aepd.es<\/a>).<\/p>\n<h3><strong>Pol\u00edtica de protecci\u00f3 de menors<\/strong><\/h3>\n<p>Qui facilita les dades a trav\u00e9s dels formularis d&#8217;aquesta Web i accepta el seu tractament declara formalment ser major de 14 anys.<\/p>\n<p>Queda prohibit l&#8217;acc\u00e9s i \u00fas del portal als menors de 14 anys d&#8217;edat.<\/p>\n<p>El RESPONSABLE recorda a les persones majors d&#8217;edat que tinguin al seu c\u00e0rrec a menors, que ser\u00e0 exclusivament de la seva responsabilitat si algun menor incorpora les seves dades per a sol\u00b7licitar algun producte.<\/p>\n<p>Tamb\u00e9 els informa que existeixen programes inform\u00e0tics per a delimitar la navegaci\u00f3 mitjan\u00e7ant el filtre o bloqueig a determinats continguts.<\/p>\n<h3><strong>Tractament derivat de l&#8217;\u00fas de les xarxes socials<\/strong><\/h3>\n<p>En seguir el nostre perfil a les xarxes socials consent expressament el tractament de les seves dades personals conforme a la pol\u00edtica de privacitat de la corresponent xarxa social. Igualment, consent expressament l&#8217;acc\u00e9s del RESPONSABLE al tractament de les seves dades contingudes en el seu perfil i que les not\u00edcies publicades sobre qualsevol producte del RESPONSABLE apareguin en el seu mur. La seva petici\u00f3 per a connectar, implica necess\u00e0riament el seu consentiment per als tractaments assenyalats, sent aquesta la base legal del tractament. Les dades es conservaran mentre l&#8217;interessat no sol\u00b7liciti la seva oposici\u00f3 o retiri el seu consentiment, podent retirar est en qualsevol moment.<br \/>Els comentaris i continguts publicats a les xarxes socials es convertiran en informaci\u00f3 p\u00fablica, per la qual cosa els usuaris hauran de tenir especial cautela quan decideixin compartir la seva informaci\u00f3 personal. El RESPONSABLE no es fa responsable per la informaci\u00f3 que els usuaris incorporin a la p\u00e0gina. No obstant aix\u00f2, les persones que les seves dades personals es trobin publicades o estiguin incloses en comentaris, podran sol\u00b7licitar al RESPONSABLE la cancel\u00b7laci\u00f3 d&#8217;aquests.<\/p>\n<p>[\/et_pb_text][\/et_pb_column][\/et_pb_row][\/et_pb_section]<\/p>\n","protected":false},"excerpt":{"rendered":"<p>Privacy policyEn compliment del REGLAMENT (UE) 2016\/679 DEL PARLAMENT EUROPEU I DEL CONSELL de 27 d&#8217;Abril de 2016, relatiu a la protecci\u00f3 de les persones f\u00edsiques pel que fa al tractament de dades personals i a la lliure circulaci\u00f3 d&#8217;aquestes dades, i de la Llei org\u00e0nica 3\/2018, de 5 de desembre, de Protecci\u00f3 de Dades [&hellip;]<\/p>\n","protected":false},"author":4,"featured_media":0,"parent":0,"menu_order":0,"comment_status":"closed","ping_status":"closed","template":"","meta":{"_et_pb_use_builder":"on","_et_pb_old_content":"","_et_gb_content_width":"","footnotes":""},"dipi_cpt_category":[],"class_list":["post-939","page","type-page","status-publish","hentry"],"_links":{"self":[{"href":"https:\/\/evamasadvocats.com\/en\/wp-json\/wp\/v2\/pages\/939","targetHints":{"allow":["GET"]}}],"collection":[{"href":"https:\/\/evamasadvocats.com\/en\/wp-json\/wp\/v2\/pages"}],"about":[{"href":"https:\/\/evamasadvocats.com\/en\/wp-json\/wp\/v2\/types\/page"}],"author":[{"embeddable":true,"href":"https:\/\/evamasadvocats.com\/en\/wp-json\/wp\/v2\/users\/4"}],"replies":[{"embeddable":true,"href":"https:\/\/evamasadvocats.com\/en\/wp-json\/wp\/v2\/comments?post=939"}],"version-history":[{"count":7,"href":"https:\/\/evamasadvocats.com\/en\/wp-json\/wp\/v2\/pages\/939\/revisions"}],"predecessor-version":[{"id":1635,"href":"https:\/\/evamasadvocats.com\/en\/wp-json\/wp\/v2\/pages\/939\/revisions\/1635"}],"wp:attachment":[{"href":"https:\/\/evamasadvocats.com\/en\/wp-json\/wp\/v2\/media?parent=939"}],"wp:term":[{"taxonomy":"dipi_cpt_category","embeddable":true,"href":"https:\/\/evamasadvocats.com\/en\/wp-json\/wp\/v2\/dipi_cpt_category?post=939"}],"curies":[{"name":"wp","href":"https:\/\/api.w.org\/{rel}","templated":true}]}}