{"id":1646,"date":"2023-09-13T12:00:31","date_gmt":"2023-09-13T12:00:31","guid":{"rendered":"https:\/\/evamasadvocats.com\/montserrat-pla\/"},"modified":"2023-09-15T11:04:28","modified_gmt":"2023-09-15T11:04:28","slug":"montserrat-pla","status":"publish","type":"page","link":"https:\/\/evamasadvocats.com\/es\/montserrat-pla\/","title":{"rendered":"Montserrat pla"},"content":{"rendered":"<p>[et_pb_section fb_built=\u00bb1&#8243; _builder_version=\u00bb4.20.4&#8243; _module_preset=\u00bba7c1b271-edcd-4378-82d4-6ddc3ed5f9dc\u00bb background_image=\u00bbhttps:\/\/evamasadvocats.com\/wp-content\/uploads\/2023\/07\/consultoria-Eva-Mas-advocada.jpeg\u00bb global_colors_info=\u00bb{}\u00bb][et_pb_row _builder_version=\u00bb4.20.4&#8243; _module_preset=\u00bbdefault\u00bb global_colors_info=\u00bb{}\u00bb][et_pb_column type=\u00bb4_4&#8243; _builder_version=\u00bb4.20.4&#8243; _module_preset=\u00bbdefault\u00bb global_colors_info=\u00bb{}\u00bb][et_pb_cta title=\u00bbMONTSERRAT PLA PLA\u00bb button_text=\u00bbPulse aqu\u00ed\u00bb _builder_version=\u00bb4.21.0&#8243; _module_preset=\u00bbc8b7beb0-e9bd-4970-8c30-aa65e81acac7&#8243; global_colors_info=\u00bb{}\u00bb][\/et_pb_cta][\/et_pb_column][\/et_pb_row][\/et_pb_section][et_pb_section fb_built=\u00bb1&#8243; _builder_version=\u00bb4.20.4&#8243; _module_preset=\u00bbdefault\u00bb global_colors_info=\u00bb{}\u00bb][et_pb_row column_structure=\u00bb1_2,1_2&#8243; _builder_version=\u00bb4.21.0&#8243; _module_preset=\u00bbdefault\u00bb hover_enabled=\u00bb0&#8243; global_colors_info=\u00bb{}\u00bb sticky_enabled=\u00bb0&#8243;][et_pb_column type=\u00bb1_2&#8243; _builder_version=\u00bb4.20.4&#8243; _module_preset=\u00bbdefault\u00bb global_colors_info=\u00bb{}\u00bb][et_pb_image src=\u00bbhttps:\/\/evamasadvocats.com\/wp-content\/uploads\/2023\/09\/monserrat-pla-pla-1-e1694682856706.jpg\u00bb alt=\u00bbMonserrat Pla Pla abogada colaboradora de Eva Mas\u00bb title_text=\u00bbMonserrat Pla Pla abogada colaboradora de Eva Mas\u00bb _builder_version=\u00bb4.21.0&#8243; _module_preset=\u00bbdefault\u00bb global_colors_info=\u00bb{}\u00bb][\/et_pb_image][\/et_pb_column][et_pb_column type=\u00bb1_2&#8243; _builder_version=\u00bb4.20.4&#8243; _module_preset=\u00bbdefault\u00bb global_colors_info=\u00bb{}\u00bb][et_pb_text _builder_version=\u00bb4.21.0&#8243; _module_preset=\u00bbdefault\u00bb global_colors_info=\u00bb{}\u00bb]<\/p>\n<h2><span>MONTSERRAT PLA PLA<\/span><\/h2>\n<p>[\/et_pb_text][et_pb_text _builder_version=\u00bb4.21.0&#8243; _module_preset=\u00bbdefault\u00bb global_colors_info=\u00bb{}\u00bb]Especializada en Derecho Civil (com\u00fan y catal\u00e1n), destaca en dos \u00e1mbitos: Derecho de familia: derechos de la persona (capacidad, tutela&#8230;), derecho matrimonial i derecho sucesorio: asesoramiento preventivo (testamentos, codicilos, memorias testamentarias) y gesti\u00f3n de herencias. <\/p>\n<p>Tambi\u00e9n ha desarrollado parte de su trayectoria en el \u00e1mbito del Derecho Mercantil, en la actualidad dedicada al Compliance de empresa.<\/p>\n<p>Su formaci\u00f3n es continua, con diferentes cursos de especializaci\u00f3n: Curso de Derecho Registral, Curso de Derecho de Sucesiones, Curso de Derecho Urban\u00edstico; y Master en Derecho de los Negocios y en Compliance.<\/p>\n<p>Profesional con un trato personalizado, continuo y de proximidad. Habla catal\u00e1n, castellano y franc\u00e9s.[\/et_pb_text][\/et_pb_column][\/et_pb_row][\/et_pb_section]<\/p>\n","protected":false},"excerpt":{"rendered":"<p>MONTSERRAT PLA PLAEspecializada en Derecho Civil (com\u00fan y catal\u00e1n), destaca en dos \u00e1mbitos: Derecho de familia: derechos de la persona (capacidad, tutela&#8230;), derecho matrimonial i derecho sucesorio: asesoramiento preventivo (testamentos, codicilos, memorias testamentarias) y gesti\u00f3n de herencias. Tambi\u00e9n ha desarrollado parte de su trayectoria en el \u00e1mbito del Derecho Mercantil, en la actualidad dedicada al [&hellip;]<\/p>\n","protected":false},"author":4,"featured_media":0,"parent":0,"menu_order":0,"comment_status":"closed","ping_status":"closed","template":"","meta":{"_et_pb_use_builder":"on","_et_pb_old_content":"","_et_gb_content_width":"","footnotes":""},"dipi_cpt_category":[],"class_list":["post-1646","page","type-page","status-publish","hentry"],"_links":{"self":[{"href":"https:\/\/evamasadvocats.com\/es\/wp-json\/wp\/v2\/pages\/1646","targetHints":{"allow":["GET"]}}],"collection":[{"href":"https:\/\/evamasadvocats.com\/es\/wp-json\/wp\/v2\/pages"}],"about":[{"href":"https:\/\/evamasadvocats.com\/es\/wp-json\/wp\/v2\/types\/page"}],"author":[{"embeddable":true,"href":"https:\/\/evamasadvocats.com\/es\/wp-json\/wp\/v2\/users\/4"}],"replies":[{"embeddable":true,"href":"https:\/\/evamasadvocats.com\/es\/wp-json\/wp\/v2\/comments?post=1646"}],"version-history":[{"count":3,"href":"https:\/\/evamasadvocats.com\/es\/wp-json\/wp\/v2\/pages\/1646\/revisions"}],"predecessor-version":[{"id":1649,"href":"https:\/\/evamasadvocats.com\/es\/wp-json\/wp\/v2\/pages\/1646\/revisions\/1649"}],"wp:attachment":[{"href":"https:\/\/evamasadvocats.com\/es\/wp-json\/wp\/v2\/media?parent=1646"}],"wp:term":[{"taxonomy":"dipi_cpt_category","embeddable":true,"href":"https:\/\/evamasadvocats.com\/es\/wp-json\/wp\/v2\/dipi_cpt_category?post=1646"}],"curies":[{"name":"wp","href":"https:\/\/api.w.org\/{rel}","templated":true}]}}