{"id":653,"date":"2023-07-07T09:33:32","date_gmt":"2023-07-07T09:33:32","guid":{"rendered":"https:\/\/evamasadvocats.com\/politica-de-cookies\/"},"modified":"2023-07-14T11:06:10","modified_gmt":"2023-07-14T11:06:10","slug":"politica-de-cookies","status":"publish","type":"page","link":"https:\/\/evamasadvocats.com\/es\/politica-de-cookies\/","title":{"rendered":"Pol\u00edtica de cookies"},"content":{"rendered":"<p>[et_pb_section fb_built=\u00bb1&#8243; admin_label=\u00bbsection\u00bb _builder_version=\u00bb4.16&#8243; global_colors_info=\u00bb{}\u00bb][et_pb_row admin_label=\u00bbrow\u00bb _builder_version=\u00bb4.16&#8243; background_size=\u00bbinitial\u00bb background_position=\u00bbtop_left\u00bb background_repeat=\u00bbrepeat\u00bb global_colors_info=\u00bb{}\u00bb][et_pb_column type=\u00bb4_4&#8243; _builder_version=\u00bb4.16&#8243; custom_padding=\u00bb|||\u00bb global_colors_info=\u00bb{}\u00bb custom_padding__hover=\u00bb|||\u00bb][et_pb_text admin_label=\u00bbText\u00bb _builder_version=\u00bb4.21.0&#8243; background_size=\u00bbinitial\u00bb background_position=\u00bbtop_left\u00bb background_repeat=\u00bbrepeat\u00bb hover_enabled=\u00bb0&#8243; global_colors_info=\u00bb{}\u00bb sticky_enabled=\u00bb0&#8243;]<\/p>\n<div class=\"cli_pg_page_contaner\">\n<h1>Pol\u00edtica de cookies<\/h1>\n<h2>Sobre esta pol\u00edtica de cookies.<\/h2>\n<div>\n<p>Esta Pol\u00edtica de Cookies explica qu\u00e9 son las cookies y como las utilizamos. Tiene que leer esta pol\u00edtica para entender qu\u00e9 son las cookies, como las utilizamos, los tipos de cookies que utilizamos, es decir, la informaci\u00f3n que recopilamos utilizando cookies y como se utiliza esta informaci\u00f3n y como controlar las preferencias de cookies. Para mayor informaci\u00f3n sobre c\u00f3mo utilizamos, almacenamos y mantenemos seguros sus datos personales, consulte nuestra Pol\u00edtica de privacidad.<\/p>\n<p>Puede cambiar o retirar su consentimiento en cualquier momento en la Declaraci\u00f3n de Cookies de nuestro sitio web.<\/p>\n<p>Obtenga m\u00e1s informaci\u00f3n sobre qui\u00e9n somos, como puede ponerse en contacto con nosotros y como procesamos los datos personales en nuestra Pol\u00edtica de privacidad.<\/p>\n<p>Tu consentimiento se aplica a los siguientes dominios: <a href=\"https:\/\/evamasadvocats.com\/es\/\">evamasadvocats.com<\/a><\/p>\n<p>[user_consent_state]<\/p>\n<\/div>\n<h2>\u00bfQu\u00e9 son las cookies?<\/h2>\n<div>Las cookies son peque\u00f1os archivos de texto que se utilizan para almacenar peque\u00f1as piezas de informaci\u00f3n. Las cookies se almacenan en su dispositivo cuando se carga el sitio web en su navegador. Estas cookies nos ayudan a hacer que el sitio web funcione correctamente, al hecho que el sitio web sea m\u00e1s seguro, a proporcionar una mejor experiencia de usuario y a entender como funciona el sitio web y analizar qu\u00e9 funciona y en qu\u00e9 aspectos necesita mejoras.<\/div>\n<h2>\u00bfC\u00f3mo utilizamos las cookies?<\/h2>\n<div>Como la mayor\u00eda de los servicios en l\u00ednea, nuestro sitio web utiliza cookies propias y de terceros para varios fines. Las cookies de origen son en su mayor\u00eda necesarias para que el sitio web funcione correctamente y no recopilan ning\u00fan dato personal identificable. Las cookies de terceros utilizadas en nuestros sitios web se utilizan principalmente para comprender el funcionamiento del sitio web, como interact\u00faa usted con nuestro sitio web, mantener la seguridad de nuestros servicios, ofrecer anuncios que sean relevantes para usted y, en definitiva, proporcionarle una experiencia de usuario mejor y m\u00e1s r\u00e1pida y ayudarle a agilizar sus futuras interacciones con nuestro sitio web.<\/div>\n<h2>\u00bfQu\u00e9 tipos de cookies utilizamos?<\/h2>\n<div>Las cookies utilizadas en nuestro sitio web se agrupan en las siguientes categor\u00edas.<\/div>\n<\/div>\n<div><\/div>\n<div>[cookie_category]<\/div>\n<div class=\"cli_pg_page_contaner\">\n<div>\n<p>La siguiente lista detalla las cookies utilizadas en nuestro sitio web.<\/p>\n<p>[cookie_audit_category columns=\u00bbcookie,description\u00bb]<\/p>\n<\/div>\n<h2>\u00bfC\u00f3mo puedo controlar las preferencias de cookies?<\/h2>\n<div>\n<p>Puede gestionar sus preferencias de cookies haciendo clic en el bot\u00f3n \u201cConfiguraci\u00f3n\u201d y activando o desactivando las categor\u00edas de cookies en la ventana emergente seg\u00fan sus preferencias. Si usted decide cambiar sus preferencias m\u00e1s adelante durante su sesi\u00f3n de navegaci\u00f3n, puede hacer clic en la pesta\u00f1a \u201cGestionar consentimiento\u201d de su pantalla. Aparecer\u00e1 de nuevo el aviso de consentimiento, que le permitir\u00e1 cambiar sus preferencias o retirar totalmente su consentimiento.<\/p>\n<p>Adem\u00e1s, los diferentes navegadores ofrecen diferentes m\u00e9todos para bloquear y eliminar las cookies utilizadas por los sitios web. Puede cambiar la configuraci\u00f3n de su navegador para bloquear\/eliminar las cookies. Para saber m\u00e1s sobre como gestionar y eliminar las cookies, visite wikipedia.org, <a href=\"http:\/\/www.allaboutcookies.org\">www.allaboutcookies.org<\/a>.<\/p>\n<\/div>\n<\/div>\n<p>[\/et_pb_text][\/et_pb_column][\/et_pb_row][\/et_pb_section]<\/p>\n","protected":false},"excerpt":{"rendered":"<p>Pol\u00edtica de cookies Sobre esta pol\u00edtica de cookies. Esta Pol\u00edtica de Cookies explica qu\u00e9 son las cookies y como las utilizamos. Tiene que leer esta pol\u00edtica para entender qu\u00e9 son las cookies, como las utilizamos, los tipos de cookies que utilizamos, es decir, la informaci\u00f3n que recopilamos utilizando cookies y como se utiliza esta informaci\u00f3n [&hellip;]<\/p>\n","protected":false},"author":4,"featured_media":0,"parent":0,"menu_order":0,"comment_status":"closed","ping_status":"closed","template":"","meta":{"_et_pb_use_builder":"on","_et_pb_old_content":"","_et_gb_content_width":"","footnotes":""},"dipi_cpt_category":[],"class_list":["post-653","page","type-page","status-publish","hentry"],"_links":{"self":[{"href":"https:\/\/evamasadvocats.com\/es\/wp-json\/wp\/v2\/pages\/653","targetHints":{"allow":["GET"]}}],"collection":[{"href":"https:\/\/evamasadvocats.com\/es\/wp-json\/wp\/v2\/pages"}],"about":[{"href":"https:\/\/evamasadvocats.com\/es\/wp-json\/wp\/v2\/types\/page"}],"author":[{"embeddable":true,"href":"https:\/\/evamasadvocats.com\/es\/wp-json\/wp\/v2\/users\/4"}],"replies":[{"embeddable":true,"href":"https:\/\/evamasadvocats.com\/es\/wp-json\/wp\/v2\/comments?post=653"}],"version-history":[{"count":3,"href":"https:\/\/evamasadvocats.com\/es\/wp-json\/wp\/v2\/pages\/653\/revisions"}],"predecessor-version":[{"id":934,"href":"https:\/\/evamasadvocats.com\/es\/wp-json\/wp\/v2\/pages\/653\/revisions\/934"}],"wp:attachment":[{"href":"https:\/\/evamasadvocats.com\/es\/wp-json\/wp\/v2\/media?parent=653"}],"wp:term":[{"taxonomy":"dipi_cpt_category","embeddable":true,"href":"https:\/\/evamasadvocats.com\/es\/wp-json\/wp\/v2\/dipi_cpt_category?post=653"}],"curies":[{"name":"wp","href":"https:\/\/api.w.org\/{rel}","templated":true}]}}