{"id":691,"date":"2023-05-24T11:51:32","date_gmt":"2023-05-24T11:51:32","guid":{"rendered":"https:\/\/evamasadvocats.com\/aviso-legal\/"},"modified":"2023-07-07T11:04:08","modified_gmt":"2023-07-07T11:04:08","slug":"aviso-legal","status":"publish","type":"page","link":"https:\/\/evamasadvocats.com\/es\/aviso-legal\/","title":{"rendered":"Aviso Legal"},"content":{"rendered":"<p>[et_pb_section fb_built=\u00bb1&#8243; theme_builder_area=\u00bbpost_content\u00bb _builder_version=\u00bb4.20.4&#8243; _module_preset=\u00bbdefault\u00bb][et_pb_row _builder_version=\u00bb4.20.4&#8243; _module_preset=\u00bbdefault\u00bb theme_builder_area=\u00bbpost_content\u00bb][et_pb_column _builder_version=\u00bb4.20.4&#8243; _module_preset=\u00bbdefault\u00bb type=\u00bb4_4&#8243; theme_builder_area=\u00bbpost_content\u00bb][et_pb_text _builder_version=\u00bb4.20.4&#8243; _module_preset=\u00bbdefault\u00bb theme_builder_area=\u00bbpost_content\u00bb hover_enabled=\u00bb0&#8243; sticky_enabled=\u00bb0&#8243;]<\/p>\n<h1>Aviso Legal<\/h1>\n<p>[\/et_pb_text][et_pb_text _builder_version=\u00bb4.20.4&#8243; _module_preset=\u00bbdefault\u00bb theme_builder_area=\u00bbpost_content\u00bb hover_enabled=\u00bb0&#8243; sticky_enabled=\u00bb0&#8243;]Eva Mas (Eva Mas Advocats) especifica que la informaci\u00f3n y \/ o materiales disponibles en este sitio web han sido incluidos exclusivamente en t\u00edtulo informativo y que no podan de ser utilizados para tomar cualquier decisi\u00f3n en relaci\u00f3n con un caso concreto.<\/p>\n<p>As\u00ed mismo, no se hace responsable de los errores u omisiones en los contenidos de este sitio web. Este sitio web puede contener enlaces a otros sitios web y Eva Mas no es responsable por el contenido de estos otros sitios web.<\/p>\n<p>El uso de este sitio web es a cuenta y riesgo del usuario.<\/p>\n<p>Todos los derechos de este sitio web son reservados.<\/p>\n<p>El contenido de este sitio web tiene que ser interpretado bajo la interpretaci\u00f3n y regulaci\u00f3n de las leyes de Espa\u00f1a y se encuentra protegido por las leyes nacionales e internacionales en materia de derechos de propiedad intelectual e industrial.<\/p>\n<p>El contenido de este sitio web, as\u00ed como el dise\u00f1o, la selecci\u00f3n y presentaci\u00f3n de los materiales en el sitio web, no podr\u00e1 ser reproducido, copiado, distribuido, modifica, ni adem\u00e1n a disposici\u00f3n del p\u00fablico que lo utiliza de ninguna forma ni difundido sin la expr\u00e9s autorizaci\u00f3n de Eva Mas.[\/et_pb_text][\/et_pb_column][\/et_pb_row][\/et_pb_section]<\/p>\n","protected":false},"excerpt":{"rendered":"<p>Aviso LegalEva Mas (Eva Mas Advocats) especifica que la informaci\u00f3n y \/ o materiales disponibles en este sitio web han sido incluidos exclusivamente en t\u00edtulo informativo y que no podan de ser utilizados para tomar cualquier decisi\u00f3n en relaci\u00f3n con un caso concreto. As\u00ed mismo, no se hace responsable de los errores u omisiones en [&hellip;]<\/p>\n","protected":false},"author":4,"featured_media":0,"parent":0,"menu_order":0,"comment_status":"closed","ping_status":"closed","template":"","meta":{"_et_pb_use_builder":"on","_et_pb_old_content":"","_et_gb_content_width":"","footnotes":""},"dipi_cpt_category":[],"class_list":["post-691","page","type-page","status-publish","hentry"],"_links":{"self":[{"href":"https:\/\/evamasadvocats.com\/es\/wp-json\/wp\/v2\/pages\/691","targetHints":{"allow":["GET"]}}],"collection":[{"href":"https:\/\/evamasadvocats.com\/es\/wp-json\/wp\/v2\/pages"}],"about":[{"href":"https:\/\/evamasadvocats.com\/es\/wp-json\/wp\/v2\/types\/page"}],"author":[{"embeddable":true,"href":"https:\/\/evamasadvocats.com\/es\/wp-json\/wp\/v2\/users\/4"}],"replies":[{"embeddable":true,"href":"https:\/\/evamasadvocats.com\/es\/wp-json\/wp\/v2\/comments?post=691"}],"version-history":[{"count":2,"href":"https:\/\/evamasadvocats.com\/es\/wp-json\/wp\/v2\/pages\/691\/revisions"}],"predecessor-version":[{"id":693,"href":"https:\/\/evamasadvocats.com\/es\/wp-json\/wp\/v2\/pages\/691\/revisions\/693"}],"wp:attachment":[{"href":"https:\/\/evamasadvocats.com\/es\/wp-json\/wp\/v2\/media?parent=691"}],"wp:term":[{"taxonomy":"dipi_cpt_category","embeddable":true,"href":"https:\/\/evamasadvocats.com\/es\/wp-json\/wp\/v2\/dipi_cpt_category?post=691"}],"curies":[{"name":"wp","href":"https:\/\/api.w.org\/{rel}","templated":true}]}}