{"id":856,"date":"2023-07-07T11:32:11","date_gmt":"2023-07-07T11:32:11","guid":{"rendered":"https:\/\/evamasadvocats.com\/accesibilidad\/"},"modified":"2023-09-21T15:03:57","modified_gmt":"2023-09-21T15:03:57","slug":"accesibilidad","status":"publish","type":"page","link":"https:\/\/evamasadvocats.com\/es\/accesibilidad\/","title":{"rendered":"Accesibilidad"},"content":{"rendered":"<p>[et_pb_section fb_built=\u00bb1&#8243; _builder_version=\u00bb4.20.4&#8243; _module_preset=\u00bbdefault\u00bb global_colors_info=\u00bb{}\u00bb][et_pb_row _builder_version=\u00bb4.21.0&#8243; _module_preset=\u00bbdefault\u00bb global_colors_info=\u00bb{}\u00bb][et_pb_column type=\u00bb4_4&#8243; _builder_version=\u00bb4.20.4&#8243; _module_preset=\u00bbdefault\u00bb global_colors_info=\u00bb{}\u00bb][et_pb_text _builder_version=\u00bb4.20.4&#8243; _module_preset=\u00bbdefault\u00bb global_colors_info=\u00bb{}\u00bb]<\/p>\n<h1>Accesibilidad<\/h1>\n<p>[\/et_pb_text][et_pb_text _builder_version=\u00bb4.22.1&#8243; _module_preset=\u00bbdefault\u00bb hover_enabled=\u00bb0&#8243; global_colors_info=\u00bb{}\u00bb sticky_enabled=\u00bb0&#8243;]Eva Mas Advocats se compromete a que su sitio web, <a href=\"https:\/\/evamasadvocats.com\/es\/\" target=\"_blank\" data-saferedirecturl=\"https:\/\/www.google.com\/url?q=http:\/\/evamasadvocats.com\/&amp;source=gmail&amp;ust=1694847301104000&amp;usg=AOvVaw1P_ZFfkRFj3jX3s0DqahIu\" rel=\"noopener\">evamasadvocats.com<\/a><a href=\"https:\/\/evamasadvocats.com\/es\/\"><\/a>, sea accesible para todos los usuarios, incluyendo a personas con discapacidades. Estamos comprometidos a garantizar que nuestro sitio web cumpla con las pautas de accesibilidad web de nivel AA de la WCAG 2.1.<\/p>\n<p><strong>Situaci\u00f3n de cumplimiento<\/strong><br \/>\n<a href=\"https:\/\/www.w3.org\/WAI\/standards-guidelines\/wcag\/\">Las Pautas de Accesibilidad para el Contenido Web<\/a> (WCAG) definen los requisitos para dise\u00f1adores y desarrolladores con el fin de mejorar la accesibilidad para personas con discapacidad. Se definen tres niveles de conformidad: Nivel A, Nivel AA y Nivel AAA. <a href=\"https:\/\/evamasadvocats.com\/es\/\">Www.evamasadvocats.com<\/a> cumple parcialmente con WCAG 2.1 Nivel AA. Parcialmente, significa que algunas partes del contenido no cumplen completamente con el est\u00e1ndar de accesibilidad.<\/p>\n<p><strong>Contenido no accesible<\/strong><br \/>\nPodr\u00edan existir documentos ofim\u00e1ticos en PDF y otros formatos que no cumplan \u00edntegramente los requisitos de accesibilidad. Pueden solicitarse los documentos completamente accesibles desde el formulario de contacto.<\/p>\n<p>Podr\u00edan existir errores de c\u00f3digo puntuales de edici\u00f3n en alguna p\u00e1gina web.<\/p>\n<p><strong>Feedback<\/strong><br \/>\nEstamos comprometidos a seguir mejorando la accesibilidad de nuestro sitio web para garantizar que sea accesible a todos. Si tienes alguna pregunta o sugerencia, por favor contacta con nosotros.<\/p>\n<p><strong>Firma:<\/strong> Eva Mas Advocats<br \/>\n<strong>Fecha:<\/strong> 07 julio de 2023[\/et_pb_text][\/et_pb_column][\/et_pb_row][\/et_pb_section]<\/p>\n","protected":false},"excerpt":{"rendered":"<p>AccesibilidadEva Mas Advocats se compromete a que su sitio web, evamasadvocats.com, sea accesible para todos los usuarios, incluyendo a personas con discapacidades. Estamos comprometidos a garantizar que nuestro sitio web cumpla con las pautas de accesibilidad web de nivel AA de la WCAG 2.1. Situaci\u00f3n de cumplimiento Las Pautas de Accesibilidad para el Contenido Web [&hellip;]<\/p>\n","protected":false},"author":4,"featured_media":0,"parent":0,"menu_order":0,"comment_status":"closed","ping_status":"closed","template":"","meta":{"_et_pb_use_builder":"on","_et_pb_old_content":"","_et_gb_content_width":"","footnotes":""},"dipi_cpt_category":[],"class_list":["post-856","page","type-page","status-publish","hentry"],"_links":{"self":[{"href":"https:\/\/evamasadvocats.com\/es\/wp-json\/wp\/v2\/pages\/856","targetHints":{"allow":["GET"]}}],"collection":[{"href":"https:\/\/evamasadvocats.com\/es\/wp-json\/wp\/v2\/pages"}],"about":[{"href":"https:\/\/evamasadvocats.com\/es\/wp-json\/wp\/v2\/types\/page"}],"author":[{"embeddable":true,"href":"https:\/\/evamasadvocats.com\/es\/wp-json\/wp\/v2\/users\/4"}],"replies":[{"embeddable":true,"href":"https:\/\/evamasadvocats.com\/es\/wp-json\/wp\/v2\/comments?post=856"}],"version-history":[{"count":12,"href":"https:\/\/evamasadvocats.com\/es\/wp-json\/wp\/v2\/pages\/856\/revisions"}],"predecessor-version":[{"id":1807,"href":"https:\/\/evamasadvocats.com\/es\/wp-json\/wp\/v2\/pages\/856\/revisions\/1807"}],"wp:attachment":[{"href":"https:\/\/evamasadvocats.com\/es\/wp-json\/wp\/v2\/media?parent=856"}],"wp:term":[{"taxonomy":"dipi_cpt_category","embeddable":true,"href":"https:\/\/evamasadvocats.com\/es\/wp-json\/wp\/v2\/dipi_cpt_category?post=856"}],"curies":[{"name":"wp","href":"https:\/\/api.w.org\/{rel}","templated":true}]}}