{"id":1642,"date":"2023-09-13T12:00:31","date_gmt":"2023-09-13T12:00:31","guid":{"rendered":"https:\/\/evamasadvocats.com\/montserrat-pla\/"},"modified":"2023-09-15T11:03:01","modified_gmt":"2023-09-15T11:03:01","slug":"montserrat-pla","status":"publish","type":"page","link":"https:\/\/evamasadvocats.com\/fr\/montserrat-pla\/","title":{"rendered":"Montserrat pla"},"content":{"rendered":"<p>[et_pb_section fb_built=\u00a0\u00bb1&Prime; _builder_version=\u00a0\u00bb4.20.4&Prime; _module_preset=\u00a0\u00bba7c1b271-edcd-4378-82d4-6ddc3ed5f9dc\u00a0\u00bb background_image=\u00a0\u00bbhttps:\/\/evamasadvocats.com\/wp-content\/uploads\/2023\/07\/consultoria-Eva-Mas-advocada.jpeg\u00a0\u00bb global_colors_info=\u00a0\u00bb{}\u00a0\u00bb][et_pb_row _builder_version=\u00a0\u00bb4.20.4&Prime; _module_preset=\u00a0\u00bbdefault\u00a0\u00bb global_colors_info=\u00a0\u00bb{}\u00a0\u00bb][et_pb_column type=\u00a0\u00bb4_4&Prime; _builder_version=\u00a0\u00bb4.20.4&Prime; _module_preset=\u00a0\u00bbdefault\u00a0\u00bb global_colors_info=\u00a0\u00bb{}\u00a0\u00bb][et_pb_cta title=\u00a0\u00bbMONTSERRAT PLA PLA\u00a0\u00bb button_text=\u00a0\u00bbCliquez ici\u00a0\u00bb _builder_version=\u00a0\u00bb4.21.0&Prime; _module_preset=\u00a0\u00bbc8b7beb0-e9bd-4970-8c30-aa65e81acac7&Prime; global_colors_info=\u00a0\u00bb{}\u00a0\u00bb][\/et_pb_cta][\/et_pb_column][\/et_pb_row][\/et_pb_section][et_pb_section fb_built=\u00a0\u00bb1&Prime; _builder_version=\u00a0\u00bb4.20.4&Prime; _module_preset=\u00a0\u00bbdefault\u00a0\u00bb global_colors_info=\u00a0\u00bb{}\u00a0\u00bb][et_pb_row column_structure=\u00a0\u00bb1_2,1_2&Prime; _builder_version=\u00a0\u00bb4.21.0&Prime; _module_preset=\u00a0\u00bbdefault\u00a0\u00bb hover_enabled=\u00a0\u00bb0&Prime; global_colors_info=\u00a0\u00bb{}\u00a0\u00bb sticky_enabled=\u00a0\u00bb0&Prime;][et_pb_column type=\u00a0\u00bb1_2&Prime; _builder_version=\u00a0\u00bb4.20.4&Prime; _module_preset=\u00a0\u00bbdefault\u00a0\u00bb global_colors_info=\u00a0\u00bb{}\u00a0\u00bb][et_pb_image src=\u00a0\u00bbhttps:\/\/evamasadvocats.com\/wp-content\/uploads\/2023\/09\/monserrat-pla-pla-1-e1694682856706.jpg\u00a0\u00bb alt=\u00a0\u00bbMonserrat Pla Pla, avocate, collabore avec Eva Mas\u00a0\u00bb title_text=\u00a0\u00bbMonserrat Pla Pla, avocate, collabore avec Eva Mas\u00a0\u00bb _builder_version=\u00a0\u00bb4.21.0&Prime; _module_preset=\u00a0\u00bbdefault\u00a0\u00bb global_colors_info=\u00a0\u00bb{}\u00a0\u00bb][\/et_pb_image][\/et_pb_column][et_pb_column type=\u00a0\u00bb1_2&Prime; _builder_version=\u00a0\u00bb4.20.4&Prime; _module_preset=\u00a0\u00bbdefault\u00a0\u00bb global_colors_info=\u00a0\u00bb{}\u00a0\u00bb][et_pb_text _builder_version=\u00a0\u00bb4.21.0&Prime; _module_preset=\u00a0\u00bbdefault\u00a0\u00bb global_colors_info=\u00a0\u00bb{}\u00a0\u00bb]<\/p>\n<h2><span>MONTSERRAT PLA PLA<\/span><\/h2>\n<p>[\/et_pb_text][et_pb_text _builder_version=\u00a0\u00bb4.21.0&Prime; _module_preset=\u00a0\u00bbdefault\u00a0\u00bb global_colors_info=\u00a0\u00bb{}\u00a0\u00bb]Sp\u00e9cialis\u00e9e en droit civil (commun et catalan), elle se distingue dans deux domaines : Droit de la famille : droits de la personne (capacit\u00e9, tutelle&#8230;), droit matrimonial et droit des successions : conseils pr\u00e9ventifs (testaments, codicilles, m\u00e9moires testamentaires) et gestion des successions. <\/p>\n<p>Elle a \u00e9galement d\u00e9velopp\u00e9 une partie de sa carri\u00e8re dans le domaine du droit commercial, actuellement consacr\u00e9e au Compliance des entreprises.<\/p>\n<p>Sa formation est continue, avec diff\u00e9rents cours de sp\u00e9cialisation : cours de droit de l&rsquo;enregistrement, cours de droit des successions, cours de droit de l&rsquo;urbanisme, et master en droit des affaires et Compliance.<\/p>\n<p>C&rsquo;est une professionnelle avec une relation personnalis\u00e9e, continue et \u00e9troite. Elle parle le catalan, l&rsquo;espagnol et le fran\u00e7ais.[\/et_pb_text][\/et_pb_column][\/et_pb_row][\/et_pb_section]<\/p>\n","protected":false},"excerpt":{"rendered":"<p>MONTSERRAT PLA PLASp\u00e9cialis\u00e9e en droit civil (commun et catalan), elle se distingue dans deux domaines : Droit de la famille : droits de la personne (capacit\u00e9, tutelle&#8230;), droit matrimonial et droit des successions : conseils pr\u00e9ventifs (testaments, codicilles, m\u00e9moires testamentaires) et gestion des successions. Elle a \u00e9galement d\u00e9velopp\u00e9 une partie de sa carri\u00e8re dans le [&hellip;]<\/p>\n","protected":false},"author":4,"featured_media":0,"parent":0,"menu_order":0,"comment_status":"closed","ping_status":"closed","template":"","meta":{"_et_pb_use_builder":"on","_et_pb_old_content":"","_et_gb_content_width":"","footnotes":""},"dipi_cpt_category":[],"class_list":["post-1642","page","type-page","status-publish","hentry"],"_links":{"self":[{"href":"https:\/\/evamasadvocats.com\/fr\/wp-json\/wp\/v2\/pages\/1642","targetHints":{"allow":["GET"]}}],"collection":[{"href":"https:\/\/evamasadvocats.com\/fr\/wp-json\/wp\/v2\/pages"}],"about":[{"href":"https:\/\/evamasadvocats.com\/fr\/wp-json\/wp\/v2\/types\/page"}],"author":[{"embeddable":true,"href":"https:\/\/evamasadvocats.com\/fr\/wp-json\/wp\/v2\/users\/4"}],"replies":[{"embeddable":true,"href":"https:\/\/evamasadvocats.com\/fr\/wp-json\/wp\/v2\/comments?post=1642"}],"version-history":[{"count":3,"href":"https:\/\/evamasadvocats.com\/fr\/wp-json\/wp\/v2\/pages\/1642\/revisions"}],"predecessor-version":[{"id":1645,"href":"https:\/\/evamasadvocats.com\/fr\/wp-json\/wp\/v2\/pages\/1642\/revisions\/1645"}],"wp:attachment":[{"href":"https:\/\/evamasadvocats.com\/fr\/wp-json\/wp\/v2\/media?parent=1642"}],"wp:term":[{"taxonomy":"dipi_cpt_category","embeddable":true,"href":"https:\/\/evamasadvocats.com\/fr\/wp-json\/wp\/v2\/dipi_cpt_category?post=1642"}],"curies":[{"name":"wp","href":"https:\/\/api.w.org\/{rel}","templated":true}]}}