{"id":697,"date":"2023-05-24T11:51:32","date_gmt":"2023-05-24T11:51:32","guid":{"rendered":"https:\/\/evamasadvocats.com\/avis-legal\/"},"modified":"2023-07-07T11:08:55","modified_gmt":"2023-07-07T11:08:55","slug":"avis-legal","status":"publish","type":"page","link":"https:\/\/evamasadvocats.com\/fr\/avis-legal\/","title":{"rendered":"Avis l\u00e9gal"},"content":{"rendered":"<p>[et_pb_section fb_built=\u00a0\u00bb1&Prime; theme_builder_area=\u00a0\u00bbpost_content\u00a0\u00bb _builder_version=\u00a0\u00bb4.20.4&Prime; _module_preset=\u00a0\u00bbdefault\u00a0\u00bb][et_pb_row _builder_version=\u00a0\u00bb4.20.4&Prime; _module_preset=\u00a0\u00bbdefault\u00a0\u00bb theme_builder_area=\u00a0\u00bbpost_content\u00a0\u00bb][et_pb_column _builder_version=\u00a0\u00bb4.20.4&Prime; _module_preset=\u00a0\u00bbdefault\u00a0\u00bb type=\u00a0\u00bb4_4&Prime; theme_builder_area=\u00a0\u00bbpost_content\u00a0\u00bb][et_pb_text _builder_version=\u00a0\u00bb4.20.4&Prime; _module_preset=\u00a0\u00bbdefault\u00a0\u00bb theme_builder_area=\u00a0\u00bbpost_content\u00a0\u00bb hover_enabled=\u00a0\u00bb0&Prime; sticky_enabled=\u00a0\u00bb0&Prime;]<\/p>\n<h1>Avis l\u00e9gal<\/h1>\n<p>[\/et_pb_text][et_pb_text _builder_version=\u00a0\u00bb4.20.4&Prime; _module_preset=\u00a0\u00bbdefault\u00a0\u00bb theme_builder_area=\u00a0\u00bbpost_content\u00a0\u00bb hover_enabled=\u00a0\u00bb0&Prime; sticky_enabled=\u00a0\u00bb0&Prime;]Eva Mas (Eva Mas Advocats) pr\u00e9cise que les informations et\/ou le mat\u00e9riel disponibles sur ce site web ont \u00e9t\u00e9 inclus \u00e0 des fins d&rsquo;information uniquement et ne peuvent \u00eatre utilis\u00e9s pour prendre une d\u00e9cision dans un cas sp\u00e9cifique.<\/p>\n<p>De m\u00eame, elle n&rsquo;est pas responsable des erreurs ou omissions dans le contenu de ce site. Ce site web peut contenir des liens vers d&rsquo;autres sites web et Eva Mas n&rsquo;est pas responsable du contenu de ces autres sites web.<\/p>\n<p>L&rsquo;utilisation de ce site web se fait aux risques et p\u00e9rils de l&rsquo;utilisateur.<\/p>\n<p>Tous les droits de ce site web sont r\u00e9serv\u00e9s.<\/p>\n<p>Le contenu de ce site Web doit \u00eatre interpr\u00e9t\u00e9 selon l&rsquo;interpr\u00e9tation et la r\u00e9glementation des lois espagnoles et est prot\u00e9g\u00e9 par les lois nationales et internationales sur les droits de propri\u00e9t\u00e9 intellectuelle et industrielle.<\/p>\n<p>Le contenu de ce site Web doit \u00eatre interpr\u00e9t\u00e9 selon l&rsquo;interpr\u00e9tation et la r\u00e9glementation des lois espagnoles et est prot\u00e9g\u00e9 par les lois nationales et internationales sur les droits de propri\u00e9t\u00e9 intellectuelle et industrielle.[\/et_pb_text][\/et_pb_column][\/et_pb_row][\/et_pb_section]<\/p>\n","protected":false},"excerpt":{"rendered":"<p>Avis l\u00e9galEva Mas (Eva Mas Advocats) pr\u00e9cise que les informations et\/ou le mat\u00e9riel disponibles sur ce site web ont \u00e9t\u00e9 inclus \u00e0 des fins d&rsquo;information uniquement et ne peuvent \u00eatre utilis\u00e9s pour prendre une d\u00e9cision dans un cas sp\u00e9cifique. De m\u00eame, elle n&rsquo;est pas responsable des erreurs ou omissions dans le contenu de ce site. [&hellip;]<\/p>\n","protected":false},"author":4,"featured_media":0,"parent":0,"menu_order":0,"comment_status":"closed","ping_status":"closed","template":"","meta":{"_et_pb_use_builder":"on","_et_pb_old_content":"","_et_gb_content_width":"","footnotes":""},"dipi_cpt_category":[],"class_list":["post-697","page","type-page","status-publish","hentry"],"_links":{"self":[{"href":"https:\/\/evamasadvocats.com\/fr\/wp-json\/wp\/v2\/pages\/697","targetHints":{"allow":["GET"]}}],"collection":[{"href":"https:\/\/evamasadvocats.com\/fr\/wp-json\/wp\/v2\/pages"}],"about":[{"href":"https:\/\/evamasadvocats.com\/fr\/wp-json\/wp\/v2\/types\/page"}],"author":[{"embeddable":true,"href":"https:\/\/evamasadvocats.com\/fr\/wp-json\/wp\/v2\/users\/4"}],"replies":[{"embeddable":true,"href":"https:\/\/evamasadvocats.com\/fr\/wp-json\/wp\/v2\/comments?post=697"}],"version-history":[{"count":2,"href":"https:\/\/evamasadvocats.com\/fr\/wp-json\/wp\/v2\/pages\/697\/revisions"}],"predecessor-version":[{"id":699,"href":"https:\/\/evamasadvocats.com\/fr\/wp-json\/wp\/v2\/pages\/697\/revisions\/699"}],"wp:attachment":[{"href":"https:\/\/evamasadvocats.com\/fr\/wp-json\/wp\/v2\/media?parent=697"}],"wp:term":[{"taxonomy":"dipi_cpt_category","embeddable":true,"href":"https:\/\/evamasadvocats.com\/fr\/wp-json\/wp\/v2\/dipi_cpt_category?post=697"}],"curies":[{"name":"wp","href":"https:\/\/api.w.org\/{rel}","templated":true}]}}