{"id":863,"date":"2023-07-07T11:32:11","date_gmt":"2023-07-07T11:32:11","guid":{"rendered":"https:\/\/evamasadvocats.com\/accessibilite\/"},"modified":"2023-09-21T15:03:21","modified_gmt":"2023-09-21T15:03:21","slug":"accessibilite","status":"publish","type":"page","link":"https:\/\/evamasadvocats.com\/fr\/accessibilite\/","title":{"rendered":"Accessibilit\u00e9"},"content":{"rendered":"<p>[et_pb_section fb_built=\u00a0\u00bb1&Prime; _builder_version=\u00a0\u00bb4.20.4&Prime; _module_preset=\u00a0\u00bbdefault\u00a0\u00bb global_colors_info=\u00a0\u00bb{}\u00a0\u00bb][et_pb_row _builder_version=\u00a0\u00bb4.21.0&Prime; _module_preset=\u00a0\u00bbdefault\u00a0\u00bb global_colors_info=\u00a0\u00bb{}\u00a0\u00bb][et_pb_column type=\u00a0\u00bb4_4&Prime; _builder_version=\u00a0\u00bb4.20.4&Prime; _module_preset=\u00a0\u00bbdefault\u00a0\u00bb global_colors_info=\u00a0\u00bb{}\u00a0\u00bb][et_pb_text _builder_version=\u00a0\u00bb4.20.4&Prime; _module_preset=\u00a0\u00bbdefault\u00a0\u00bb global_colors_info=\u00a0\u00bb{}\u00a0\u00bb]<\/p>\n<h1>Accessibilit\u00e9<\/h1>\n<p>[\/et_pb_text][et_pb_text _builder_version=\u00a0\u00bb4.22.1&Prime; _module_preset=\u00a0\u00bbdefault\u00a0\u00bb hover_enabled=\u00a0\u00bb0&Prime; global_colors_info=\u00a0\u00bb{}\u00a0\u00bb sticky_enabled=\u00a0\u00bb0&Prime;]Eva Mas Advocats s&rsquo;engage \u00e0 rendre son site Internet, <a href=\"https:\/\/evamasadvocats.com\/fr\/\" target=\"_blank\" data-saferedirecturl=\"https:\/\/www.google.com\/url?q=http:\/\/evamasadvocats.com\/&amp;source=gmail&amp;ust=1694847301104000&amp;usg=AOvVaw1P_ZFfkRFj3jX3s0DqahIu\" rel=\"noopener\">evamasadvocats.com<\/a><a href=\"https:\/\/evamasadvocats.com\/fr\/\"><\/a>, accessible \u00e0 tous les utilisateurs, y compris aux personnes handicap\u00e9es. Nous nous engageons \u00e0 faire en sorte que notre site Web soit conforme aux directives d&rsquo;accessibilit\u00e9 Web WCAG 2.1 Niveau AA.<\/p>\n<p><strong>Statut de conformit\u00e9<\/strong><br \/>\n<a href=\"https:\/\/www.w3.org\/WAI\/standards-guidelines\/wcag\/\">Les Web Content Accessibility Guidelines<\/a> (WCAG) d\u00e9finissent les exigences pour les concepteurs et les d\u00e9veloppeurs afin d&rsquo;am\u00e9liorer l&rsquo;accessibilit\u00e9 pour les personnes handicap\u00e9es. Trois niveaux de conformit\u00e9 sont d\u00e9finis : Niveau A, Niveau AA et Niveau AAA. <a href=\"https:\/\/evamasadvocats.com\/fr\/\">Www.evamasadvocats.com<\/a> est partiellement conforme aux WCAG 2.1 niveau AA. Partielle signifie que certaines parties du contenu ne sont pas enti\u00e8rement conformes \u00e0 la norme d&rsquo;accessibilit\u00e9.<\/p>\n<p><strong>Contenu non accessible<\/strong><br \/>\nIl peut y avoir des documents de bureau au format PDF et d&rsquo;autres formats qui ne r\u00e9pondent pas enti\u00e8rement aux exigences d&rsquo;accessibilit\u00e9. Des documents enti\u00e8rement accessibles peuvent \u00eatre demand\u00e9s \u00e0 partir du formulaire de contact.<\/p>\n<p>Il peut y avoir occasionnellement des erreurs de code d&rsquo;\u00e9dition sur certaines pages Web.<\/p>\n<p><strong>Feedback<\/strong><br \/>\nNous nous engageons \u00e0 continuer d&rsquo;am\u00e9liorer l&rsquo;accessibilit\u00e9 de notre site Web afin qu&rsquo;il soit accessible \u00e0 tous. Si vous avez des questions ou des suggestions, veuillez nous contacter.<\/p>\n<p><strong>Signature:<\/strong> Eva Mas Advocats<br \/>\n<strong>Date:<\/strong> 07 juliol de 2023[\/et_pb_text][\/et_pb_column][\/et_pb_row][\/et_pb_section]<\/p>\n","protected":false},"excerpt":{"rendered":"<p>Accessibilit\u00e9Eva Mas Advocats s&rsquo;engage \u00e0 rendre son site Internet, evamasadvocats.com, accessible \u00e0 tous les utilisateurs, y compris aux personnes handicap\u00e9es. Nous nous engageons \u00e0 faire en sorte que notre site Web soit conforme aux directives d&rsquo;accessibilit\u00e9 Web WCAG 2.1 Niveau AA. Statut de conformit\u00e9 Les Web Content Accessibility Guidelines (WCAG) d\u00e9finissent les exigences pour les [&hellip;]<\/p>\n","protected":false},"author":4,"featured_media":0,"parent":0,"menu_order":0,"comment_status":"closed","ping_status":"closed","template":"","meta":{"_et_pb_use_builder":"on","_et_pb_old_content":"","_et_gb_content_width":"","footnotes":""},"dipi_cpt_category":[],"class_list":["post-863","page","type-page","status-publish","hentry"],"_links":{"self":[{"href":"https:\/\/evamasadvocats.com\/fr\/wp-json\/wp\/v2\/pages\/863","targetHints":{"allow":["GET"]}}],"collection":[{"href":"https:\/\/evamasadvocats.com\/fr\/wp-json\/wp\/v2\/pages"}],"about":[{"href":"https:\/\/evamasadvocats.com\/fr\/wp-json\/wp\/v2\/types\/page"}],"author":[{"embeddable":true,"href":"https:\/\/evamasadvocats.com\/fr\/wp-json\/wp\/v2\/users\/4"}],"replies":[{"embeddable":true,"href":"https:\/\/evamasadvocats.com\/fr\/wp-json\/wp\/v2\/comments?post=863"}],"version-history":[{"count":10,"href":"https:\/\/evamasadvocats.com\/fr\/wp-json\/wp\/v2\/pages\/863\/revisions"}],"predecessor-version":[{"id":1804,"href":"https:\/\/evamasadvocats.com\/fr\/wp-json\/wp\/v2\/pages\/863\/revisions\/1804"}],"wp:attachment":[{"href":"https:\/\/evamasadvocats.com\/fr\/wp-json\/wp\/v2\/media?parent=863"}],"wp:term":[{"taxonomy":"dipi_cpt_category","embeddable":true,"href":"https:\/\/evamasadvocats.com\/fr\/wp-json\/wp\/v2\/dipi_cpt_category?post=863"}],"curies":[{"name":"wp","href":"https:\/\/api.w.org\/{rel}","templated":true}]}}